{"id":24041,"date":"2024-06-17T01:20:42","date_gmt":"2024-06-17T06:20:42","guid":{"rendered":"https:\/\/aduaport.pe\/?post_type=product&#038;p=24041"},"modified":"2025-11-21T15:24:28","modified_gmt":"2025-11-21T20:24:28","slug":"omi-3-27-formacion-en-sensibilizacion-sobre-proteccion-para-toda-la-gente-de-mar","status":"publish","type":"product","link":"https:\/\/aduaport.pe\/en\/product\/omi-3-27-formacion-en-sensibilizacion-sobre-proteccion-para-toda-la-gente-de-mar\/","title":{"rendered":"OMI 3.27 Formaci\u00f3n en Sensibilizaci\u00f3n sobre protecci\u00f3n para toda la gente de mar"},"content":{"rendered":"","protected":false},"excerpt":{"rendered":"","protected":false},"featured_media":24207,"template":"","meta":[],"product_brand":[],"product_cat":[72],"product_tag":[],"tipo-de-curso":[53],"class_list":{"0":"post-24041","1":"product","2":"type-product","3":"status-publish","4":"has-post-thumbnail","6":"product_cat-cruceros","7":"tipo-de-curso-renovacion","9":"first","10":"instock","11":"taxable","12":"shipping-taxable","13":"product-type-simple"},"_links":{"self":[{"href":"https:\/\/aduaport.pe\/en\/wp-json\/wp\/v2\/product\/24041","targetHints":{"allow":["GET"]}}],"collection":[{"href":"https:\/\/aduaport.pe\/en\/wp-json\/wp\/v2\/product"}],"about":[{"href":"https:\/\/aduaport.pe\/en\/wp-json\/wp\/v2\/types\/product"}],"version-history":[{"count":1,"href":"https:\/\/aduaport.pe\/en\/wp-json\/wp\/v2\/product\/24041\/revisions"}],"predecessor-version":[{"id":24042,"href":"https:\/\/aduaport.pe\/en\/wp-json\/wp\/v2\/product\/24041\/revisions\/24042"}],"wp:featuredmedia":[{"embeddable":true,"href":"https:\/\/aduaport.pe\/en\/wp-json\/wp\/v2\/media\/24207"}],"wp:attachment":[{"href":"https:\/\/aduaport.pe\/en\/wp-json\/wp\/v2\/media?parent=24041"}],"wp:term":[{"taxonomy":"product_brand","embeddable":true,"href":"https:\/\/aduaport.pe\/en\/wp-json\/wp\/v2\/product_brand?post=24041"},{"taxonomy":"product_cat","embeddable":true,"href":"https:\/\/aduaport.pe\/en\/wp-json\/wp\/v2\/product_cat?post=24041"},{"taxonomy":"product_tag","embeddable":true,"href":"https:\/\/aduaport.pe\/en\/wp-json\/wp\/v2\/product_tag?post=24041"},{"taxonomy":"tipo-de-curso","embeddable":true,"href":"https:\/\/aduaport.pe\/en\/wp-json\/wp\/v2\/tipo-de-curso?post=24041"}],"curies":[{"name":"wp","href":"https:\/\/api.w.org\/{rel}","templated":true}]}}