{"id":24259,"date":"2024-06-26T14:41:38","date_gmt":"2024-06-26T19:41:38","guid":{"rendered":"https:\/\/aduaport.pe\/?post_type=product&#038;p=24259"},"modified":"2024-06-27T16:01:21","modified_gmt":"2024-06-27T21:01:21","slug":"omi-3-26-formacion-en-sensibilizacion-sobre-proteccion-para-la-gente-de-mar-que-tenga-asignadas-tareas-de-proteccion","status":"publish","type":"product","link":"https:\/\/aduaport.pe\/en\/product\/omi-3-26-formacion-en-sensibilizacion-sobre-proteccion-para-la-gente-de-mar-que-tenga-asignadas-tareas-de-proteccion\/","title":{"rendered":"OMI 3.26. Formaci\u00f3n en sensibilizaci\u00f3n sobre protecci\u00f3n para la gente de mar que tenga asignadas tareas de protecci\u00f3n"},"content":{"rendered":"","protected":false},"excerpt":{"rendered":"","protected":false},"featured_media":24260,"template":"","meta":[],"product_brand":[],"product_cat":[25],"product_tag":[],"tipo-de-curso":[53],"class_list":{"0":"post-24259","1":"product","2":"type-product","3":"status-publish","4":"has-post-thumbnail","6":"product_cat-cursos-omi","7":"tipo-de-curso-renovacion","9":"first","10":"instock","11":"taxable","12":"shipping-taxable","13":"purchasable","14":"product-type-simple"},"_links":{"self":[{"href":"https:\/\/aduaport.pe\/en\/wp-json\/wp\/v2\/product\/24259","targetHints":{"allow":["GET"]}}],"collection":[{"href":"https:\/\/aduaport.pe\/en\/wp-json\/wp\/v2\/product"}],"about":[{"href":"https:\/\/aduaport.pe\/en\/wp-json\/wp\/v2\/types\/product"}],"version-history":[{"count":1,"href":"https:\/\/aduaport.pe\/en\/wp-json\/wp\/v2\/product\/24259\/revisions"}],"predecessor-version":[{"id":24261,"href":"https:\/\/aduaport.pe\/en\/wp-json\/wp\/v2\/product\/24259\/revisions\/24261"}],"wp:featuredmedia":[{"embeddable":true,"href":"https:\/\/aduaport.pe\/en\/wp-json\/wp\/v2\/media\/24260"}],"wp:attachment":[{"href":"https:\/\/aduaport.pe\/en\/wp-json\/wp\/v2\/media?parent=24259"}],"wp:term":[{"taxonomy":"product_brand","embeddable":true,"href":"https:\/\/aduaport.pe\/en\/wp-json\/wp\/v2\/product_brand?post=24259"},{"taxonomy":"product_cat","embeddable":true,"href":"https:\/\/aduaport.pe\/en\/wp-json\/wp\/v2\/product_cat?post=24259"},{"taxonomy":"product_tag","embeddable":true,"href":"https:\/\/aduaport.pe\/en\/wp-json\/wp\/v2\/product_tag?post=24259"},{"taxonomy":"tipo-de-curso","embeddable":true,"href":"https:\/\/aduaport.pe\/en\/wp-json\/wp\/v2\/tipo-de-curso?post=24259"}],"curies":[{"name":"wp","href":"https:\/\/api.w.org\/{rel}","templated":true}]}}