{"id":29061,"date":"2026-04-07T12:01:52","date_gmt":"2026-04-07T17:01:52","guid":{"rendered":"https:\/\/aduaport.pe\/?post_type=product&#038;p=29061"},"modified":"2026-04-07T12:12:55","modified_gmt":"2026-04-07T17:12:55","slug":"mam-040-convalidacion-de-titulo-del-personal-subalterno-en-situacion-de-retiro-de-la-especialidad-de-motorista-maquinista-o-calderista-de-la-marina-de-guerra-del-peru-para-las-distintas-categorias-de","status":"publish","type":"product","link":"https:\/\/aduaport.pe\/en\/product\/mam-040-convalidacion-de-titulo-del-personal-subalterno-en-situacion-de-retiro-de-la-especialidad-de-motorista-maquinista-o-calderista-de-la-marina-de-guerra-del-peru-para-las-distintas-categorias-de\/","title":{"rendered":"MAM 040 Convalidaci\u00f3n de t\u00edtulo del personal subalterno en situaci\u00f3n de retiro de la especialidad de motorista, maquinista o calderista de la marina de guerra del Per\u00fa para las distintas categor\u00edas de motoristas de remolcador para navegaci\u00f3n en bah\u00eda."},"content":{"rendered":"","protected":false},"excerpt":{"rendered":"","protected":false},"featured_media":29062,"template":"","meta":[],"product_brand":[],"product_cat":[55],"product_tag":[100,96,101,102,91],"tipo-de-curso":[52],"class_list":{"0":"post-29061","1":"product","2":"type-product","3":"status-publish","4":"has-post-thumbnail","6":"product_cat-mam-mercante","7":"product_tag-actualizacion","8":"product_tag-actualizacion-pesca","9":"product_tag-mam-034","10":"product_tag-patrones","11":"product_tag-pesca","12":"tipo-de-curso-nuevo","14":"first","15":"instock","16":"taxable","17":"shipping-taxable","18":"purchasable","19":"product-type-simple"},"_links":{"self":[{"href":"https:\/\/aduaport.pe\/en\/wp-json\/wp\/v2\/product\/29061","targetHints":{"allow":["GET"]}}],"collection":[{"href":"https:\/\/aduaport.pe\/en\/wp-json\/wp\/v2\/product"}],"about":[{"href":"https:\/\/aduaport.pe\/en\/wp-json\/wp\/v2\/types\/product"}],"version-history":[{"count":1,"href":"https:\/\/aduaport.pe\/en\/wp-json\/wp\/v2\/product\/29061\/revisions"}],"predecessor-version":[{"id":29063,"href":"https:\/\/aduaport.pe\/en\/wp-json\/wp\/v2\/product\/29061\/revisions\/29063"}],"wp:featuredmedia":[{"embeddable":true,"href":"https:\/\/aduaport.pe\/en\/wp-json\/wp\/v2\/media\/29062"}],"wp:attachment":[{"href":"https:\/\/aduaport.pe\/en\/wp-json\/wp\/v2\/media?parent=29061"}],"wp:term":[{"taxonomy":"product_brand","embeddable":true,"href":"https:\/\/aduaport.pe\/en\/wp-json\/wp\/v2\/product_brand?post=29061"},{"taxonomy":"product_cat","embeddable":true,"href":"https:\/\/aduaport.pe\/en\/wp-json\/wp\/v2\/product_cat?post=29061"},{"taxonomy":"product_tag","embeddable":true,"href":"https:\/\/aduaport.pe\/en\/wp-json\/wp\/v2\/product_tag?post=29061"},{"taxonomy":"tipo-de-curso","embeddable":true,"href":"https:\/\/aduaport.pe\/en\/wp-json\/wp\/v2\/tipo-de-curso?post=29061"}],"curies":[{"name":"wp","href":"https:\/\/api.w.org\/{rel}","templated":true}]}}