{"id":11,"date":"2022-02-12T14:51:22","date_gmt":"2022-02-12T14:51:22","guid":{"rendered":"https:\/\/aduaport.pe\/?page_id=11"},"modified":"2024-06-26T12:59:13","modified_gmt":"2024-06-26T17:59:13","slug":"nosotros","status":"publish","type":"page","link":"https:\/\/aduaport.pe\/pt\/nosotros\/","title":{"rendered":"N\u00f3s"},"content":{"rendered":"<div data-elementor-type=\"wp-page\" data-elementor-id=\"11\" class=\"elementor elementor-11\" data-elementor-post-type=\"page\">\n\t\t\t\t\t\t<section class=\"elementor-section elementor-top-section elementor-element elementor-element-f73a528 elementor-section-height-min-height elementor-section-boxed elementor-section-height-default elementor-section-items-middle\" data-id=\"f73a528\" data-element_type=\"section\" data-e-type=\"section\" data-settings=\"{&quot;background_background&quot;:&quot;classic&quot;,&quot;shape_divider_bottom&quot;:&quot;arrow&quot;,&quot;shape_divider_bottom_negative&quot;:&quot;yes&quot;}\">\n\t\t\t\t\t\t\t<div class=\"elementor-background-overlay\"><\/div>\n\t\t\t\t\t\t<div class=\"elementor-shape elementor-shape-bottom\" aria-hidden=\"true\" data-negative=\"true\">\n\t\t\t<svg xmlns=\"http:\/\/www.w3.org\/2000\/svg\" viewbox=\"0 0 700 10\" preserveaspectratio=\"none\">\n\t<path class=\"elementor-shape-fill\" d=\"M360 0L350 9.9 340 0 0 0 0 10 700 10 700 0\"\/>\n<\/svg>\t\t<\/div>\n\t\t\t\t\t<div class=\"elementor-container elementor-column-gap-default\">\n\t\t\t\t\t<div class=\"elementor-column elementor-col-100 elementor-top-column elementor-element elementor-element-8d94a82\" data-id=\"8d94a82\" data-element_type=\"column\" data-e-type=\"column\">\n\t\t\t<div class=\"elementor-widget-wrap elementor-element-populated\">\n\t\t\t\t\t\t<div class=\"elementor-element elementor-element-84944c6 elementor-widget elementor-widget-heading\" data-id=\"84944c6\" data-element_type=\"widget\" data-e-type=\"widget\" data-widget_type=\"heading.default\">\n\t\t\t\t<div class=\"elementor-widget-container\">\n\t\t\t\t\t<h1 class=\"elementor-heading-title elementor-size-default\">N\u00f3s<\/h1>\t\t\t\t<\/div>\n\t\t\t\t<\/div>\n\t\t\t\t<div class=\"elementor-element elementor-element-2c9a361 elementor-widget elementor-widget-heading\" data-id=\"2c9a361\" data-element_type=\"widget\" data-e-type=\"widget\" data-widget_type=\"heading.default\">\n\t\t\t\t<div class=\"elementor-widget-container\">\n\t\t\t\t\t<p class=\"elementor-heading-title elementor-size-default\"><strong>ADUAPORT<\/strong> - Centro de Capacitaci\u00f3n y Formaci\u00f3n Mar\u00edtima<\/p>\t\t\t\t<\/div>\n\t\t\t\t<\/div>\n\t\t\t\t\t<\/div>\n\t\t<\/div>\n\t\t\t\t\t<\/div>\n\t\t<\/section>\n\t\t<div class=\"elementor-element elementor-element-d356457 e-flex e-con-boxed e-con e-parent\" data-id=\"d356457\" data-element_type=\"container\" data-e-type=\"container\">\n\t\t\t\t\t<div class=\"e-con-inner\">\n\t\t<div class=\"elementor-element elementor-element-d3e08ec e-con-full e-flex e-con e-child\" data-id=\"d3e08ec\" data-element_type=\"container\" data-e-type=\"container\">\n\t\t\t\t<div class=\"elementor-element elementor-element-e4cedc9 elementor-widget elementor-widget-image\" data-id=\"e4cedc9\" data-element_type=\"widget\" data-e-type=\"widget\" data-widget_type=\"image.default\">\n\t\t\t\t<div class=\"elementor-widget-container\">\n\t\t\t\t\t\t\t\t\t\t\t\t\t\t\t<img fetchpriority=\"high\" decoding=\"async\" width=\"800\" height=\"600\" src=\"https:\/\/aduaport.pe\/wp-content\/uploads\/2024\/06\/OPCION-1.jpeg\" class=\"attachment-large size-large wp-image-24003\" alt=\"\" \/>\t\t\t\t\t\t\t\t\t\t\t\t\t\t\t<\/div>\n\t\t\t\t<\/div>\n\t\t\t\t<\/div>\n\t\t<div class=\"elementor-element elementor-element-577188a e-con-full e-flex e-con e-child\" data-id=\"577188a\" data-element_type=\"container\" data-e-type=\"container\">\n\t\t\t\t<div class=\"elementor-element elementor-element-ac85977 elementor-widget elementor-widget-text-editor\" data-id=\"ac85977\" data-element_type=\"widget\" data-e-type=\"widget\" data-widget_type=\"text-editor.default\">\n\t\t\t\t<div class=\"elementor-widget-container\">\n\t\t\t\t\t\t\t\t\t<p>Contamos con la certificaci\u00f3n para el dictado de los cursos<\/p>\t\t\t\t\t\t\t\t<\/div>\n\t\t\t\t<\/div>\n\t\t<div class=\"elementor-element elementor-element-537bbcb e-con-full e-flex e-con e-child\" data-id=\"537bbcb\" data-element_type=\"container\" data-e-type=\"container\">\n\t\t\t\t<div class=\"elementor-element elementor-element-bd40569 elementor-widget__width-inherit elementor-widget elementor-widget-image\" data-id=\"bd40569\" data-element_type=\"widget\" data-e-type=\"widget\" data-widget_type=\"image.default\">\n\t\t\t\t<div class=\"elementor-widget-container\">\n\t\t\t\t\t\t\t\t\t\t\t\t\t\t\t\t<a href=\"#elementor-action:action=popup:open&settings=eyJpZCI6IjI0MDgwIiwidG9nZ2xlIjpmYWxzZX0=\" target=\"_blank\">\n\t\t\t\t\t\t\t<img decoding=\"async\" width=\"200\" height=\"100\" src=\"https:\/\/aduaport.pe\/wp-content\/uploads\/2024\/06\/logo-dicapi.png\" class=\"attachment-large size-large wp-image-23913\" alt=\"\" \/>\t\t\t\t\t\t\t\t<\/a>\n\t\t\t\t\t\t\t\t\t\t\t\t\t\t\t<\/div>\n\t\t\t\t<\/div>\n\t\t\t\t<div class=\"elementor-element elementor-element-21e9ad1 elementor-widget__width-inherit elementor-widget elementor-widget-image\" data-id=\"21e9ad1\" data-element_type=\"widget\" data-e-type=\"widget\" data-widget_type=\"image.default\">\n\t\t\t\t<div class=\"elementor-widget-container\">\n\t\t\t\t\t\t\t\t\t\t\t\t\t\t\t\t<a href=\"#elementor-action:action=popup:open&settings=eyJpZCI6IjI0MDc2IiwidG9nZ2xlIjpmYWxzZX0=\" target=\"_blank\">\n\t\t\t\t\t\t\t<img decoding=\"async\" width=\"800\" height=\"519\" src=\"https:\/\/aduaport.pe\/wp-content\/uploads\/2024\/06\/LOGO-DREC-CON-TEXTO-EN-PNG.png\" class=\"attachment-large size-large wp-image-23912\" alt=\"\" \/>\t\t\t\t\t\t\t\t<\/a>\n\t\t\t\t\t\t\t\t\t\t\t\t\t\t\t<\/div>\n\t\t\t\t<\/div>\n\t\t\t\t<div class=\"elementor-element elementor-element-0266157 elementor-widget__width-inherit elementor-widget elementor-widget-image\" data-id=\"0266157\" data-element_type=\"widget\" data-e-type=\"widget\" data-widget_type=\"image.default\">\n\t\t\t\t<div class=\"elementor-widget-container\">\n\t\t\t\t\t\t\t\t\t\t\t\t\t\t\t\t<a href=\"#elementor-action:action=popup:open&settings=eyJpZCI6IjI0MDgzIiwidG9nZ2xlIjpmYWxzZX0=\" target=\"_blank\">\n\t\t\t\t\t\t\t<img loading=\"lazy\" decoding=\"async\" width=\"800\" height=\"270\" src=\"https:\/\/aduaport.pe\/wp-content\/uploads\/2024\/06\/logo-1024x345.png\" class=\"attachment-large size-large wp-image-24142\" alt=\"\" srcset=\"https:\/\/aduaport.pe\/wp-content\/uploads\/2024\/06\/logo-1024x345.png 1024w, https:\/\/aduaport.pe\/wp-content\/uploads\/2024\/06\/logo-300x101.png 300w, https:\/\/aduaport.pe\/wp-content\/uploads\/2024\/06\/logo-768x259.png 768w, https:\/\/aduaport.pe\/wp-content\/uploads\/2024\/06\/logo-18x6.png 18w, https:\/\/aduaport.pe\/wp-content\/uploads\/2024\/06\/logo-600x202.png 600w, https:\/\/aduaport.pe\/wp-content\/uploads\/2024\/06\/logo.png 1074w\" sizes=\"(max-width: 800px) 100vw, 800px\" \/>\t\t\t\t\t\t\t\t<\/a>\n\t\t\t\t\t\t\t\t\t\t\t\t\t\t\t<\/div>\n\t\t\t\t<\/div>\n\t\t\t\t<\/div>\n\t\t\t\t<\/div>\n\t\t\t\t\t<\/div>\n\t\t\t\t<\/div>\n\t\t<div class=\"elementor-element elementor-element-2ee6000 e-flex e-con-boxed e-con e-parent\" data-id=\"2ee6000\" data-element_type=\"container\" data-e-type=\"container\">\n\t\t\t\t\t<div class=\"e-con-inner\">\n\t\t\t\t<div class=\"elementor-element elementor-element-eff5ffe elementor-widget elementor-widget-heading\" data-id=\"eff5ffe\" data-element_type=\"widget\" data-e-type=\"widget\" data-widget_type=\"heading.default\">\n\t\t\t\t<div class=\"elementor-widget-container\">\n\t\t\t\t\t<h2 class=\"elementor-heading-title elementor-size-default\">\u00bfQui\u00e9nes somos?<\/h2>\t\t\t\t<\/div>\n\t\t\t\t<\/div>\n\t\t\t\t<div class=\"elementor-element elementor-element-cb47e2c elementor-widget elementor-widget-text-editor\" data-id=\"cb47e2c\" data-element_type=\"widget\" data-e-type=\"widget\" data-widget_type=\"text-editor.default\">\n\t\t\t\t<div class=\"elementor-widget-container\">\n\t\t\t\t\t\t\t\t\t<p>Somos, <strong>CIA. A DUAPORT<\/strong>,\u00a0\u00a0 Centro de Instrucci\u00f3n y Capacitaci\u00f3n Mar\u00edtima, contamos \u00a0con un Staff de docentes de Oficiales Mercantes, estamos convencidos que una buena instrucci\u00f3n permitir\u00e1 alcanzar niveles de competitividad, asegurando una ense\u00f1anza de calidad a\u00a0 toda Gente de Mar, en beneficios de las organizaciones empresariales.<\/p>\t\t\t\t\t\t\t\t<\/div>\n\t\t\t\t<\/div>\n\t\t\t\t\t<\/div>\n\t\t\t\t<\/div>\n\t\t<div class=\"elementor-element elementor-element-9b11d58 e-flex e-con-boxed e-con e-parent\" data-id=\"9b11d58\" data-element_type=\"container\" data-e-type=\"container\">\n\t\t\t\t\t<div class=\"e-con-inner\">\n\t\t<div class=\"elementor-element elementor-element-cd525e7 e-con-full e-flex e-con e-child\" data-id=\"cd525e7\" data-element_type=\"container\" data-e-type=\"container\">\n\t\t\t\t<div class=\"elementor-element elementor-element-b0f05d1 elementor-widget elementor-widget-image\" data-id=\"b0f05d1\" data-element_type=\"widget\" data-e-type=\"widget\" data-widget_type=\"image.default\">\n\t\t\t\t<div class=\"elementor-widget-container\">\n\t\t\t\t\t\t\t\t\t\t\t\t\t\t\t<img loading=\"lazy\" decoding=\"async\" width=\"128\" height=\"128\" src=\"https:\/\/aduaport.pe\/wp-content\/uploads\/2024\/06\/objetivo.png\" class=\"attachment-full size-full wp-image-24004\" alt=\"\" \/>\t\t\t\t\t\t\t\t\t\t\t\t\t\t\t<\/div>\n\t\t\t\t<\/div>\n\t\t\t\t<div class=\"elementor-element elementor-element-cf9848d elementor-widget elementor-widget-heading\" data-id=\"cf9848d\" data-element_type=\"widget\" data-e-type=\"widget\" data-widget_type=\"heading.default\">\n\t\t\t\t<div class=\"elementor-widget-container\">\n\t\t\t\t\t<h2 class=\"elementor-heading-title elementor-size-default\">Miss\u00e3o<\/h2>\t\t\t\t<\/div>\n\t\t\t\t<\/div>\n\t\t\t\t<div class=\"elementor-element elementor-element-0e35358 elementor-widget elementor-widget-text-editor\" data-id=\"0e35358\" data-element_type=\"widget\" data-e-type=\"widget\" data-widget_type=\"text-editor.default\">\n\t\t\t\t<div class=\"elementor-widget-container\">\n\t\t\t\t\t\t\t\t\t<p>En <strong>CIA ADUAPORT<\/strong>, Ofrecemos capacitarlos mediante la innovaci\u00f3n e investigaci\u00f3n; promoviendo su desarrollo profesional, en el sector Mar\u00edtimo Mercante, Mar\u00edtimo Pesquero, N\u00e1utica Recreativa. en el marco de los valores humanos, de responsabilidad social y medio ambiente.<\/p>\t\t\t\t\t\t\t\t<\/div>\n\t\t\t\t<\/div>\n\t\t\t\t<\/div>\n\t\t<div class=\"elementor-element elementor-element-d4de0f0 e-con-full e-flex e-con e-child\" data-id=\"d4de0f0\" data-element_type=\"container\" data-e-type=\"container\">\n\t\t\t\t<div class=\"elementor-element elementor-element-7743936 elementor-widget elementor-widget-image\" data-id=\"7743936\" data-element_type=\"widget\" data-e-type=\"widget\" data-widget_type=\"image.default\">\n\t\t\t\t<div class=\"elementor-widget-container\">\n\t\t\t\t\t\t\t\t\t\t\t\t\t\t\t<img loading=\"lazy\" decoding=\"async\" width=\"128\" height=\"128\" src=\"https:\/\/aduaport.pe\/wp-content\/uploads\/2024\/06\/problema-de-vision.png\" class=\"attachment-full size-full wp-image-24005\" alt=\"\" \/>\t\t\t\t\t\t\t\t\t\t\t\t\t\t\t<\/div>\n\t\t\t\t<\/div>\n\t\t\t\t<div class=\"elementor-element elementor-element-25822ed elementor-widget elementor-widget-heading\" data-id=\"25822ed\" data-element_type=\"widget\" data-e-type=\"widget\" data-widget_type=\"heading.default\">\n\t\t\t\t<div class=\"elementor-widget-container\">\n\t\t\t\t\t<h2 class=\"elementor-heading-title elementor-size-default\">Vis\u00e3o<\/h2>\t\t\t\t<\/div>\n\t\t\t\t<\/div>\n\t\t\t\t<div class=\"elementor-element elementor-element-5eedcd9 elementor-widget elementor-widget-text-editor\" data-id=\"5eedcd9\" data-element_type=\"widget\" data-e-type=\"widget\" data-widget_type=\"text-editor.default\">\n\t\t\t\t<div class=\"elementor-widget-container\">\n\t\t\t\t\t\t\t\t\t<p>Fortalecer continuamente los procesos acad\u00e9micos, de investigaci\u00f3n y extensi\u00f3n; manteniendo est\u00e1ndares de calidad en la capacitaci\u00f3n con un personal id\u00f3neo, comprometido con nuestros clientes.<\/p>\t\t\t\t\t\t\t\t<\/div>\n\t\t\t\t<\/div>\n\t\t\t\t<\/div>\n\t\t\t\t\t<\/div>\n\t\t\t\t<\/div>\n\t\t<div class=\"elementor-element elementor-element-9a647b8 e-flex e-con-boxed e-con e-parent\" data-id=\"9a647b8\" data-element_type=\"container\" data-e-type=\"container\">\n\t\t\t\t\t<div class=\"e-con-inner\">\n\t\t\t\t<div class=\"elementor-element elementor-element-8a5edae elementor-widget elementor-widget-heading\" data-id=\"8a5edae\" data-element_type=\"widget\" data-e-type=\"widget\" data-widget_type=\"heading.default\">\n\t\t\t\t<div class=\"elementor-widget-container\">\n\t\t\t\t\t<h2 class=\"elementor-heading-title elementor-size-default\">Nuestros valores<\/h2>\t\t\t\t<\/div>\n\t\t\t\t<\/div>\n\t\t<div class=\"elementor-element elementor-element-f5ed5a9 e-flex e-con-boxed e-con e-child\" data-id=\"f5ed5a9\" data-element_type=\"container\" data-e-type=\"container\">\n\t\t\t\t\t<div class=\"e-con-inner\">\n\t\t\t\t<div class=\"elementor-element elementor-element-e207598 elementor-flip-box--direction-left elementor-flip-box--effect-flip elementor-widget elementor-widget-flip-box\" data-id=\"e207598\" data-element_type=\"widget\" data-e-type=\"widget\" data-widget_type=\"flip-box.default\">\n\t\t\t\t<div class=\"elementor-widget-container\">\n\t\t\t\t\t\t\t<div class=\"elementor-flip-box\" tabindex=\"0\">\n\t\t\t<div class=\"elementor-flip-box__layer elementor-flip-box__front\">\n\t\t\t\t<div class=\"elementor-flip-box__layer__overlay\">\n\t\t\t\t\t<div class=\"elementor-flip-box__layer__inner\">\n\t\t\t\t\t\t\t\t\t\t\t\t\t<div class=\"elementor-flip-box__image\">\n\t\t\t\t\t\t\t\t<img loading=\"lazy\" decoding=\"async\" width=\"128\" height=\"128\" src=\"https:\/\/aduaport.pe\/wp-content\/uploads\/2024\/06\/honesto.png\" class=\"attachment-thumbnail size-thumbnail wp-image-24006\" alt=\"\" \/>\t\t\t\t\t\t\t<\/div>\n\t\t\t\t\t\t\n\t\t\t\t\t\t\t\t\t\t\t\t\t<h3 class=\"elementor-flip-box__layer__title\">\n\t\t\t\t\t\t\t\tHonestidad\t\t\t\t\t\t\t<\/h3>\n\t\t\t\t\t\t\n\t\t\t\t\t\t\t\t\t\t\t<\/div>\n\t\t\t\t<\/div>\n\t\t\t<\/div>\n\t\t\t<div class=\"elementor-flip-box__layer elementor-flip-box__back\">\n\t\t\t<div class=\"elementor-flip-box__layer__overlay\">\n\t\t\t\t<div class=\"elementor-flip-box__layer__inner\">\n\t\t\t\t\t\n\t\t\t\t\t\t\t\t\t\t\t<div class=\"elementor-flip-box__layer__description\">\n\t\t\t\t\t\t\tTransparencia, sinceridad y franqueza, son valores que actualmente  ponemos en pr\u00e1ctica a trav\u00e9s de nuestro trabajo diario, sincero y honesto, con el objetivo  de acrecentar la confianza que merece todos nuestros clientes.\t\t\t\t\t\t<\/div>\n\t\t\t\t\t\n\t\t\t\t\t\t\t\t<\/div>\n\t\t<\/div>\n\t\t<\/div>\n\t\t<\/div>\n\t\t\t\t\t\t<\/div>\n\t\t\t\t<\/div>\n\t\t\t\t<div class=\"elementor-element elementor-element-0abcf38 elementor-flip-box--direction-left elementor-flip-box--effect-flip elementor-widget elementor-widget-flip-box\" data-id=\"0abcf38\" data-element_type=\"widget\" data-e-type=\"widget\" data-widget_type=\"flip-box.default\">\n\t\t\t\t<div class=\"elementor-widget-container\">\n\t\t\t\t\t\t\t<div class=\"elementor-flip-box\" tabindex=\"0\">\n\t\t\t<div class=\"elementor-flip-box__layer elementor-flip-box__front\">\n\t\t\t\t<div class=\"elementor-flip-box__layer__overlay\">\n\t\t\t\t\t<div class=\"elementor-flip-box__layer__inner\">\n\t\t\t\t\t\t\t\t\t\t\t\t\t<div class=\"elementor-flip-box__image\">\n\t\t\t\t\t\t\t\t<img loading=\"lazy\" decoding=\"async\" width=\"128\" height=\"128\" src=\"https:\/\/aduaport.pe\/wp-content\/uploads\/2024\/06\/control-de-calidad.png\" class=\"attachment-thumbnail size-thumbnail wp-image-24007\" alt=\"\" \/>\t\t\t\t\t\t\t<\/div>\n\t\t\t\t\t\t\n\t\t\t\t\t\t\t\t\t\t\t\t\t<h3 class=\"elementor-flip-box__layer__title\">\n\t\t\t\t\t\t\t\tQualidade\t\t\t\t\t\t\t<\/h3>\n\t\t\t\t\t\t\n\t\t\t\t\t\t\t\t\t\t\t<\/div>\n\t\t\t\t<\/div>\n\t\t\t<\/div>\n\t\t\t<div class=\"elementor-flip-box__layer elementor-flip-box__back\">\n\t\t\t<div class=\"elementor-flip-box__layer__overlay\">\n\t\t\t\t<div class=\"elementor-flip-box__layer__inner\">\n\t\t\t\t\t\n\t\t\t\t\t\t\t\t\t\t\t<div class=\"elementor-flip-box__layer__description\">\n\t\t\t\t\t\t\tNos esforzamos constantemente en ofrecer nuestro servicio de calidad,  pensamos  en estrategias, propuestas nuevas y  personalizadas   para adecuarlas a las necesidades de nuestros clientes,  quienes son nuestro eje principal con el objetivo de brindarle una ense\u00f1anza de calidad. \t\t\t\t\t\t<\/div>\n\t\t\t\t\t\n\t\t\t\t\t\t\t\t<\/div>\n\t\t<\/div>\n\t\t<\/div>\n\t\t<\/div>\n\t\t\t\t\t\t<\/div>\n\t\t\t\t<\/div>\n\t\t\t\t<div class=\"elementor-element elementor-element-b5315cc elementor-flip-box--direction-left elementor-flip-box--effect-flip elementor-widget elementor-widget-flip-box\" data-id=\"b5315cc\" data-element_type=\"widget\" data-e-type=\"widget\" data-widget_type=\"flip-box.default\">\n\t\t\t\t<div class=\"elementor-widget-container\">\n\t\t\t\t\t\t\t<div class=\"elementor-flip-box\" tabindex=\"0\">\n\t\t\t<div class=\"elementor-flip-box__layer elementor-flip-box__front\">\n\t\t\t\t<div class=\"elementor-flip-box__layer__overlay\">\n\t\t\t\t\t<div class=\"elementor-flip-box__layer__inner\">\n\t\t\t\t\t\t\t\t\t\t\t\t\t<div class=\"elementor-flip-box__image\">\n\t\t\t\t\t\t\t\t<img loading=\"lazy\" decoding=\"async\" width=\"128\" height=\"128\" src=\"https:\/\/aduaport.pe\/wp-content\/uploads\/2024\/06\/confianza.png\" class=\"attachment-thumbnail size-thumbnail wp-image-24008\" alt=\"\" \/>\t\t\t\t\t\t\t<\/div>\n\t\t\t\t\t\t\n\t\t\t\t\t\t\t\t\t\t\t\t\t<h3 class=\"elementor-flip-box__layer__title\">\n\t\t\t\t\t\t\t\tRespeito\t\t\t\t\t\t\t<\/h3>\n\t\t\t\t\t\t\n\t\t\t\t\t\t\t\t\t\t\t<\/div>\n\t\t\t\t<\/div>\n\t\t\t<\/div>\n\t\t\t<div class=\"elementor-flip-box__layer elementor-flip-box__back\">\n\t\t\t<div class=\"elementor-flip-box__layer__overlay\">\n\t\t\t\t<div class=\"elementor-flip-box__layer__inner\">\n\t\t\t\t\t\n\t\t\t\t\t\t\t\t\t\t\t<div class=\"elementor-flip-box__layer__description\">\n\t\t\t\t\t\t\tNo solo estamos hablando de ser respetuoso con los plazos en la atenci\u00f3n, programaci\u00f3n de cursos y entrega de sus certificados en los plazos que corresponden, sino tambi\u00e9n, somos respetuosos con la vida natural del medio ambiente y  mundo acu\u00e1tico.\t\t\t\t\t\t<\/div>\n\t\t\t\t\t\n\t\t\t\t\t\t\t\t<\/div>\n\t\t<\/div>\n\t\t<\/div>\n\t\t<\/div>\n\t\t\t\t\t\t<\/div>\n\t\t\t\t<\/div>\n\t\t\t\t<div class=\"elementor-element elementor-element-14dd58d elementor-flip-box--direction-left elementor-flip-box--effect-flip elementor-widget elementor-widget-flip-box\" data-id=\"14dd58d\" data-element_type=\"widget\" data-e-type=\"widget\" data-widget_type=\"flip-box.default\">\n\t\t\t\t<div class=\"elementor-widget-container\">\n\t\t\t\t\t\t\t<div class=\"elementor-flip-box\" tabindex=\"0\">\n\t\t\t<div class=\"elementor-flip-box__layer elementor-flip-box__front\">\n\t\t\t\t<div class=\"elementor-flip-box__layer__overlay\">\n\t\t\t\t\t<div class=\"elementor-flip-box__layer__inner\">\n\t\t\t\t\t\t\t\t\t\t\t\t\t<div class=\"elementor-flip-box__image\">\n\t\t\t\t\t\t\t\t<img loading=\"lazy\" decoding=\"async\" width=\"128\" height=\"128\" src=\"https:\/\/aduaport.pe\/wp-content\/uploads\/2024\/06\/desafio.png\" class=\"attachment-thumbnail size-thumbnail wp-image-24009\" alt=\"\" \/>\t\t\t\t\t\t\t<\/div>\n\t\t\t\t\t\t\n\t\t\t\t\t\t\t\t\t\t\t\t\t<h3 class=\"elementor-flip-box__layer__title\">\n\t\t\t\t\t\t\t\tCompetitividad\t\t\t\t\t\t\t<\/h3>\n\t\t\t\t\t\t\n\t\t\t\t\t\t\t\t\t\t\t<\/div>\n\t\t\t\t<\/div>\n\t\t\t<\/div>\n\t\t\t<div class=\"elementor-flip-box__layer elementor-flip-box__back\">\n\t\t\t<div class=\"elementor-flip-box__layer__overlay\">\n\t\t\t\t<div class=\"elementor-flip-box__layer__inner\">\n\t\t\t\t\t\n\t\t\t\t\t\t\t\t\t\t\t<div class=\"elementor-flip-box__layer__description\">\n\t\t\t\t\t\t\tBuscamos la excelencia a trav\u00e9s de la educaci\u00f3n con conocimientos fehacientes, que permitan engrandecer a las personas en lo profesional. Tenemos la meta clara \u201cT\u00fa, solo puedes ser el mejor, solo, si exiges lo mejor, CIA ADUAPORT, Oficiales Mercantes, a tu Servicio\u201d.\t\t\t\t\t\t<\/div>\n\t\t\t\t\t\n\t\t\t\t\t\t\t\t<\/div>\n\t\t<\/div>\n\t\t<\/div>\n\t\t<\/div>\n\t\t\t\t\t\t<\/div>\n\t\t\t\t<\/div>\n\t\t\t\t\t<\/div>\n\t\t\t\t<\/div>\n\t\t\t\t\t<\/div>\n\t\t\t\t<\/div>\n\t\t<div class=\"elementor-element elementor-element-1532dc3 e-flex e-con-boxed e-con e-parent\" data-id=\"1532dc3\" data-element_type=\"container\" data-e-type=\"container\" data-settings=\"{&quot;background_background&quot;:&quot;classic&quot;,&quot;shape_divider_top&quot;:&quot;triangle&quot;}\">\n\t\t\t\t\t<div class=\"e-con-inner\">\n\t\t\t\t<div class=\"elementor-shape elementor-shape-top\" aria-hidden=\"true\" data-negative=\"false\">\n\t\t\t<svg xmlns=\"http:\/\/www.w3.org\/2000\/svg\" viewbox=\"0 0 1000 100\" preserveaspectratio=\"none\">\n\t<path class=\"elementor-shape-fill\" d=\"M500,98.9L0,6.1V0h1000v6.1L500,98.9z\"\/>\n<\/svg>\t\t<\/div>\n\t\t\t\t<div class=\"elementor-element elementor-element-582428e elementor-widget elementor-widget-spacer\" data-id=\"582428e\" data-element_type=\"widget\" data-e-type=\"widget\" data-widget_type=\"spacer.default\">\n\t\t\t\t<div class=\"elementor-widget-container\">\n\t\t\t\t\t\t\t<div class=\"elementor-spacer\">\n\t\t\t<div class=\"elementor-spacer-inner\"><\/div>\n\t\t<\/div>\n\t\t\t\t\t\t<\/div>\n\t\t\t\t<\/div>\n\t\t\t\t<div class=\"elementor-element elementor-element-f5d31ab elementor-widget elementor-widget-heading\" data-id=\"f5d31ab\" data-element_type=\"widget\" data-e-type=\"widget\" data-widget_type=\"heading.default\">\n\t\t\t\t<div class=\"elementor-widget-container\">\n\t\t\t\t\t<h2 class=\"elementor-heading-title elementor-size-default\">Conoce a nuestro director:<\/h2>\t\t\t\t<\/div>\n\t\t\t\t<\/div>\n\t\t\t\t<div class=\"elementor-element elementor-element-5453e94 elementor-position-left elementor-vertical-align-top elementor-widget elementor-widget-image-box\" data-id=\"5453e94\" data-element_type=\"widget\" data-e-type=\"widget\" data-widget_type=\"image-box.default\">\n\t\t\t\t<div class=\"elementor-widget-container\">\n\t\t\t\t\t<div class=\"elementor-image-box-wrapper\"><figure class=\"elementor-image-box-img\"><img loading=\"lazy\" decoding=\"async\" width=\"257\" height=\"328\" src=\"https:\/\/aduaport.pe\/wp-content\/uploads\/2024\/06\/FOTO-DEL-DIRECTOR.jpeg\" class=\"attachment-full size-full wp-image-24100\" alt=\"\" srcset=\"https:\/\/aduaport.pe\/wp-content\/uploads\/2024\/06\/FOTO-DEL-DIRECTOR.jpeg 257w, https:\/\/aduaport.pe\/wp-content\/uploads\/2024\/06\/FOTO-DEL-DIRECTOR-235x300.jpeg 235w, https:\/\/aduaport.pe\/wp-content\/uploads\/2024\/06\/FOTO-DEL-DIRECTOR-9x12.jpeg 9w\" sizes=\"(max-width: 257px) 100vw, 257px\" \/><\/figure><div class=\"elementor-image-box-content\"><h3 class=\"elementor-image-box-title\">1er. Ing. Vladimir Ojeda Guerra<\/h3><p class=\"elementor-image-box-description\">Egresado de la Escuela de Oficiales de la Marina Mercante Nacional, \u201dAlmirante Miguel Grau\u201d en el a\u00f1o 1995, graduado en la especialidad de Ingenier\u00eda, Pesca y Navegaci\u00f3n, cuenta con  Bachiller en Ciencias Mar\u00edtimas, es Magister en Docencia Universitaria y Gesti\u00f3n Educativa,   Diplomado en Seguridad y Defensa Nacional, y Diplomado de Especializaci\u00f3n  Primeros Auxilios.<br><br>\nSe ha capacitado en los cursos de Formaci\u00f3n B\u00e1sica de Seguridad - OMI, Curso de Salvamento Acu\u00e1tico abalado por la Cruz Roja Internacional de Alemania,  curso de Medicina Hiperb\u00e1rica y Subacu\u00e1tica,  curso de Especializaci\u00f3n en Peritos Gr\u00e1fot\u00e9cnico y Dactilosc\u00f3pico Forense, ha sido Certificado como Param\u00e9dico, Salvavidas y Buzo Profesional Certificado.<br><br>\nTiene una amplia experiencia profesional con m\u00e1s de 20 a\u00f1os tripulando y operando naves, actualmente viene dictando los cursos de T\u00e9cnicas de Supervivencia, \nLucha Contra Incendio,  Formaci\u00f3n B\u00e1sica de Seguridad \u2013OMI de manera profesional. <br><br>Ha sido docente en la Escuela Nacional de Marina Mercante \u201cAlmirante Miguel Grau\u201d, en la Escuela Naval del Per\u00fa, a la fecha es docente en la Universidad UTP, ha sido reconocido por dicha universidad, a la \u201cExcelencia en la Docencia\u201d,  reconocido y felicitado como instructor de la Fuerza de Aviaci\u00f3n Naval del Per\u00fa e Infanter\u00eda de Marina, actualmente es el director de la CIA. ADUAPORT. \n<\/p><\/div><\/div>\t\t\t\t<\/div>\n\t\t\t\t<\/div>\n\t\t\t\t\t<\/div>\n\t\t\t\t<\/div>\n\t\t\t\t<\/div>","protected":false},"excerpt":{"rendered":"<p>ADUAPORT &#8211; Centro de Capacitaci\u00f3n y Formaci\u00f3n Mar\u00edtima Contamos con la certificaci\u00f3n para el dictado de los cursos \u00bfQui\u00e9nes somos? Somos, CIA. A DUAPORT,\u00a0\u00a0 Centro de Instrucci\u00f3n y Capacitaci\u00f3n Mar\u00edtima, contamos \u00a0con un Staff de docentes de Oficiales Mercantes, estamos convencidos que una buena instrucci\u00f3n permitir\u00e1 alcanzar niveles de competitividad, asegurando una ense\u00f1anza de calidad [&hellip;]<\/p>","protected":false},"author":10,"featured_media":0,"parent":0,"menu_order":0,"comment_status":"closed","ping_status":"closed","template":"elementor_header_footer","meta":{"footnotes":""},"class_list":["post-11","page","type-page","status-publish","hentry"],"_links":{"self":[{"href":"https:\/\/aduaport.pe\/pt\/wp-json\/wp\/v2\/pages\/11","targetHints":{"allow":["GET"]}}],"collection":[{"href":"https:\/\/aduaport.pe\/pt\/wp-json\/wp\/v2\/pages"}],"about":[{"href":"https:\/\/aduaport.pe\/pt\/wp-json\/wp\/v2\/types\/page"}],"author":[{"embeddable":true,"href":"https:\/\/aduaport.pe\/pt\/wp-json\/wp\/v2\/users\/10"}],"replies":[{"embeddable":true,"href":"https:\/\/aduaport.pe\/pt\/wp-json\/wp\/v2\/comments?post=11"}],"version-history":[{"count":30,"href":"https:\/\/aduaport.pe\/pt\/wp-json\/wp\/v2\/pages\/11\/revisions"}],"predecessor-version":[{"id":24219,"href":"https:\/\/aduaport.pe\/pt\/wp-json\/wp\/v2\/pages\/11\/revisions\/24219"}],"wp:attachment":[{"href":"https:\/\/aduaport.pe\/pt\/wp-json\/wp\/v2\/media?parent=11"}],"curies":[{"name":"wp","href":"https:\/\/api.w.org\/{rel}","templated":true}]}}