{"id":29058,"date":"2026-04-07T11:31:28","date_gmt":"2026-04-07T16:31:28","guid":{"rendered":"https:\/\/aduaport.pe\/?post_type=product&#038;p=29058"},"modified":"2026-04-07T11:42:55","modified_gmt":"2026-04-07T16:42:55","slug":"mam-024-familiarizacion-y-formacion-en-aspectos-de-seguridad-a-bordo-para-oficial-de-maquinas-en-buques-con-maquinas-propulsoras-principales-de-potencia-menor-a-750-kw","status":"publish","type":"product","link":"https:\/\/aduaport.pe\/pt\/produto\/mam-024-familiarizacion-y-formacion-en-aspectos-de-seguridad-a-bordo-para-oficial-de-maquinas-en-buques-con-maquinas-propulsoras-principales-de-potencia-menor-a-750-kw\/","title":{"rendered":"MAM 024 Familiarizaci\u00f3n y formaci\u00f3n en aspectos de seguridad a bordo para oficial de m\u00e1quinas en buques con m\u00e1quinas propulsoras principales de potencia menor a 750 kw"},"content":{"rendered":"","protected":false},"excerpt":{"rendered":"","protected":false},"featured_media":29059,"template":"","meta":[],"product_brand":[],"product_cat":[55],"product_tag":[100,96,101,102,91],"tipo-de-curso":[52],"class_list":{"0":"post-29058","1":"product","2":"type-product","3":"status-publish","4":"has-post-thumbnail","6":"product_cat-mam-mercante","7":"product_tag-actualizacion","8":"product_tag-actualizacion-pesca","9":"product_tag-mam-034","10":"product_tag-patrones","11":"product_tag-pesca","12":"tipo-de-curso-nuevo","14":"first","15":"instock","16":"taxable","17":"shipping-taxable","18":"purchasable","19":"product-type-simple"},"_links":{"self":[{"href":"https:\/\/aduaport.pe\/pt\/wp-json\/wp\/v2\/product\/29058","targetHints":{"allow":["GET"]}}],"collection":[{"href":"https:\/\/aduaport.pe\/pt\/wp-json\/wp\/v2\/product"}],"about":[{"href":"https:\/\/aduaport.pe\/pt\/wp-json\/wp\/v2\/types\/product"}],"version-history":[{"count":1,"href":"https:\/\/aduaport.pe\/pt\/wp-json\/wp\/v2\/product\/29058\/revisions"}],"predecessor-version":[{"id":29060,"href":"https:\/\/aduaport.pe\/pt\/wp-json\/wp\/v2\/product\/29058\/revisions\/29060"}],"wp:featuredmedia":[{"embeddable":true,"href":"https:\/\/aduaport.pe\/pt\/wp-json\/wp\/v2\/media\/29059"}],"wp:attachment":[{"href":"https:\/\/aduaport.pe\/pt\/wp-json\/wp\/v2\/media?parent=29058"}],"wp:term":[{"taxonomy":"product_brand","embeddable":true,"href":"https:\/\/aduaport.pe\/pt\/wp-json\/wp\/v2\/product_brand?post=29058"},{"taxonomy":"product_cat","embeddable":true,"href":"https:\/\/aduaport.pe\/pt\/wp-json\/wp\/v2\/product_cat?post=29058"},{"taxonomy":"product_tag","embeddable":true,"href":"https:\/\/aduaport.pe\/pt\/wp-json\/wp\/v2\/product_tag?post=29058"},{"taxonomy":"tipo-de-curso","embeddable":true,"href":"https:\/\/aduaport.pe\/pt\/wp-json\/wp\/v2\/tipo-de-curso?post=29058"}],"curies":[{"name":"wp","href":"https:\/\/api.w.org\/{rel}","templated":true}]}}